{"id":157,"date":"2018-05-04T23:44:46","date_gmt":"2018-05-04T21:44:46","guid":{"rendered":"http:\/\/localhost:8080\/perfect2k18\/?page_id=157"},"modified":"2026-02-16T18:05:06","modified_gmt":"2026-02-16T17:05:06","slug":"o-nama","status":"publish","type":"page","link":"https:\/\/www.perfect.ba\/?page_id=157","title":{"rendered":"O nama"},"content":{"rendered":"<p><strong><span style=\"color: #ff0000; font-size: 16px;\">PERFECT rent a car<\/span><\/strong><\/p>\n<p style=\"text-align: justify;\"><span style=\"color: #000000; font-size: 16px;\">Perfect doo Tuzla je renomirana rent a car agencija, pozicionirana u samom vrhu bosansko-hercegova\u010dkog tr\u017ei\u0161ta, koja svoje postojanje zasniva na dugogodi\u0161njem \u0161kolovanju, iskustvu, znanju i radu menad\u017ementa i uposlenika. Vode\u0107u poziciju osiguravaju nam znanje, pouzdanost, iskustvo, tradicija, inovativnost i pra\u0107enje svjetskih trendova automobilske\u00a0industrije i ugodnog\/sigurnog putovanja. Mi smo stru\u010dan i ljubazan, mladi tim ljudi, koji \u0107e u svakom trenutku iza\u0107i u susret klijentu i u\u010diniti sve da bude zadovoljan nasim uslugama. U\u00a0prilog ovome govori veliki broj stalnih klijenata, koji nam redovno ukazuju svoje povjerenje biraju\u0107i vozilo iz na\u0161e ponude.<\/span><\/p>\n<p style=\"text-align: justify;\"><span style=\"color: #000000; font-size: 16px;\">Sjedi\u0161te firme nalazi se u Tuzli, a najam vozila mo\u017eete realizovati kako u centrali, tako i u poslovnici na Me\u0111unarodnom aerodromu Tuzla, kao i na zahtev, u bilo kojem gradu BiH i\u00a0Evrope. Pou\u010deni istan\u010danim \u017eeljama na\u0161ih dugogodi\u0161njih klijenata, koncentrisali smo se na rent a car usluge koje zadovoljavaju i najzahtjevnije klijente.<\/span><\/p>\n<p style=\"text-align: justify;\"><span style=\"color: #000000; font-size: 16px;\">Na\u0161 vozni park se sastoji od potpuno novih vozila svih kategorija. Sva vozila su full kasko osigurana, bez u\u010de\u0161\u0107a u \u0161teti, posjeduju opstu i mobilnu garanciju, svu zakonom propisanu\u00a0opremu i ne prelaze starosnu dob od 2 godine. U na\u0161oj floti na raspolaganju Vam nudimo putni\u010dke automobile renomiranih svjetskih proizvo\u0111a\u010da koji pru\u017eaju apsolutni komfor, sigurnost i brzinu, kako u gradskoj, tako i vangradskoj vo\u017enji. Sva vozila su pripremljena za potpuno u\u017eivanje: klima A\/C, muzika (Bluetooth, USB, MP3 player), alarm, centralna brava\u00a0sa daljinskom komandom, AIR BAG za voza\u010da i suvoza\u010da, elektri\u010dni podiza\u010di stakala\u2026<\/span><\/p>\n<p style=\"text-align: center;\"><span style=\"color: #000000; font-size: 16px;\">Ukoliko \u017eelite najpovoljniju rent a car agenciju u BiH \u2013 pozovite nas<\/span><\/p>\n<p style=\"text-align: center;\"><span style=\"color: #000000; font-size: 16px;\">Tel\/Fax: +387(0) 35 255 535<\/span><\/p>\n<p style=\"text-align: center;\"><span style=\"color: #000000; font-size: 16px;\">GSM\/Viber: +387(0) 61 101 701; +387(0) 61 104 108;<br \/>\n+387(0) 61 151 500; <\/span><span style=\"color: #000000; font-size: 16px;\">+387(0) 62 797 070<\/span><\/p>\n<p style=\"text-align: center;\"><span style=\"color: #000000; font-size: 16px;\">ili po\u0161aljite e-mail info@perfect.ba<\/span><br \/>\n<span style=\"color: #000000; font-size: 16px;\"> te nas posjetite www.perfect.ba<\/span><\/p>\n<p style=\"text-align: justify;\"><span style=\"color: #000000; font-size: 16px;\">Iznajmljivanje vozila sa voza\u010dem, kao i transferi sa aerodroma u bli\u017eem i daljem okru\u017eenju ili bilo koje druge destinacije, samo su dio usluga koje pru\u017eamo kako bi za Vas obezbijedili siguran i pouzdan prevoz do kona\u010dnog odredi\u0161ta. \u017delite li iznajmljivanje luksuznih vozila, mi smo tu za Vas! Kao posebnu uslugu izdvajamo dugoro\u010dni najam automobila. Ova usluga je namijenjena prije svega pravnim licima, ali je isto tako dugoro\u010dni najam vozila dostupan i za fizi\u010dka lica, te podrazumijeva posebne popuste u pogledu cijenovnika.<\/span><\/p>\n<p style=\"text-align: justify;\"><span style=\"color: #000000; font-size: 16px;\">Svojom kvalitetom i odabranom ponudom obra\u0107amo se uglavnom poslovnim i porodi\u010dnim ljudima sa manjkom vremena i vi\u0161kom obaveza, kao i turistima sa istan\u010danim ukusom, te pravnim licima.<\/span><\/p>\n<p style=\"text-align: justify;\"><span style=\"color: #000000; font-size: 16px;\">Na\u0161 moto je A better way to progress\u2026 i upravo ova re\u010denica oslikava na\u0161 odnos prema Vama \u2013 Gdje god da odete mi brinemo za vas! Sa nama ste sigurni! I ne samo to. Na raspolaganju smo Vam 24 sata dnevno svih 365 dana u godini, pri \u010demu Vam garantujemo vrhunsku uslugu i kompletnu tehni\u010dku podr\u0161ku!<\/span><\/p>\n<p><span style=\"color: #000000; font-size: 16px;\"><strong>TRANSFER DO \u017dELJENE DESTINACIJE<\/strong><\/span><\/p>\n<p style=\"text-align: justify;\"><span style=\"color: #000000; font-size: 16px;\">Perfect rent a car za Vas organizuje sve vrste transfera uz maksimalan komfor putnika, sa prevoznim sredstvima koja garantuju najvi\u0161i nivo bezbjednosti i udobnosti.<\/span><\/p>\n<p style=\"text-align: justify;\"><span style=\"color: #000000; font-size: 16px;\">Prevoz putnika se odvija brzo, sigurno, a na destinaciju Vas dovodimo u dogovoreno vrijeme, sa \u017eeljenim brojem saputnika i uz potrebni broj zaustavljanja. Za vi\u0161ednevne izlete, vozilo sa voza\u010dem ostaje sa Vama, spremno za lokalne obilaske.<\/span><\/p>\n<p style=\"text-align: justify;\"><span style=\"color: #000000; font-size: 16px;\">Ukoliko za partnera na putovanju izaberete Perfect rent a car, putova\u0107ete \u00a0klimatiziranim vozilima kapaciteta 8+1 sjedi\u0161te, luksuznim automobilima kapaciteta 4+1 sjedi\u0161te ili vozilom prema Va\u0161em izboru. Sva vozila su potpuno nova, posjeduju najvi\u0161i nivo opreme, a Vi se mo\u017eete prepustiti u\u017eivanju u vo\u017enji.<\/span><\/p>\n<p style=\"text-align: justify;\"><span style=\"color: #000000; font-size: 16px;\">Procjena tro\u0161kova formira se na upit, u zavisnosti od vremena anga\u017eovanja i planirane rute, odnosno kilometra\u017ee.<\/span><\/p>\n<p style=\"text-align: justify;\"><span style=\"color: #000000; font-size: 16px;\">Mo\u017eemo Vam ponuditi usluge:<\/span><\/p>\n<p style=\"text-align: justify;\"><span style=\"color: #000000; font-size: 16px;\">\u2013 transfera putnika do\/od aerodroma, autobuske ili \u017eeljezni\u010dke stanice<\/span><\/p>\n<p style=\"text-align: justify;\"><span style=\"color: #000000; font-size: 16px;\">\u2013 transfera putnika do \u017eeljenih destinacija u zemlji i inostranstvu<\/span><\/p>\n<p style=\"text-align: justify;\"><span style=\"color: #000000; font-size: 16px;\">\u2013 transfera uposlenika na seminare, tim building sesije ili zajedni\u010dke proslave<\/span><\/p>\n<p style=\"text-align: justify;\"><span style=\"color: #000000; font-size: 16px;\">\u2013 organizacije izleta i ekskurzija po \u017eelji<\/span><\/p>\n<p style=\"text-align: justify;\"><span style=\"color: #000000; font-size: 16px;\">\u2013 organizacije transfera uz uslugu stru\u010dnog vodi\u010da<\/span><\/p>\n<p style=\"text-align: justify;\"><span style=\"color: #000000; font-size: 16px;\">\u2013 polaska sa ku\u0107ne adrese.<strong>\u00a0<\/strong><\/span><\/p>\n<p style=\"text-align: justify;\"><span style=\"color: #000000; font-size: 16px;\"><strong>BESPRIJEKORAN VOZNI PARK!!!<\/strong><\/span><\/p>\n<p style=\"text-align: justify;\"><span style=\"color: #000000; font-size: 16px;\"><strong>SIGURNOST VO\u017dNJE<\/strong>\u2013 Vas i Va\u0161ih suvoza\u010da, zauzima posebno mjesto u na\u0161em sistemu djelovanja. Posebna pa\u017enja se pridaje urednom odr\u017eavanju vozila kao i pripremi za sve sezonske uslove vo\u017enje.<\/span><\/p>\n<p style=\"text-align: justify;\"><span style=\"color: #000000; font-size: 16px;\"><strong>REDOVNO ODR\u017dAVANJE<\/strong>\u2013 kompletnog voznog parka se vr\u0161i prema pravilima i procedurama proizvo\u0111a\u010da vozila, a otklanjanje svih uo\u010denih kvarova se vr\u0161i isklju\u010divo originalnim rezervnim dijelovima.<\/span><\/p>\n<p style=\"text-align: justify;\"><span style=\"color: #000000; font-size: 16px;\"><strong>ODGOVARAJU\u0106A SEZONSKA I OSTALA OPREMA<\/strong>\u2013 za sve automobile u skladu sa zakonskim propisima za redovnu i dodatnu opremu (rezervni to\u010dak, reflektiraju\u0107i sigurnosni prsluk, dizalicu, prvu pomo\u0107,\u2026) uz idealnu pripremljenost za trenutne sezonske uslove.<\/span><\/p>\n<p style=\"text-align: justify;\"><span style=\"color: #000000; font-size: 16px;\"><strong>PERFECT ASSISTENCE 24h<\/strong>\u2013 iako zvu\u010di nevjerovatno, ali i pored idealnog odr\u017eavanja vozila mogu\u0107i su zastoji u eksploataciji i eventualni kvarovi za vrijeme trajanja najma vozila. Nemojte se brinuti, Perfect assistance 24h garancija mobilnosti Vam osigurava ekspresno otklanjanje kvara ili zamjensko vozilo kako bi va\u0161 u\u017eitak bio potpun.<\/span><\/p>\n<p><span style=\"color: #000000; font-size: 16px;\">Misija:<\/span><\/p>\n<ul>\n<li><span style=\"color: #000000; font-size: 16px;\">Zadovoljstvo klijenata<\/span><\/li>\n<li><span style=\"color: #000000; font-size: 16px;\">Ljubaznost osoblja<\/span><\/li>\n<li><span style=\"color: #000000; font-size: 16px;\">Prihvatljive cijene<\/span><\/li>\n<li><span style=\"color: #000000; font-size: 16px;\">Dostupnost usluga 24h dnevno<\/span><\/li>\n<li><span style=\"color: #000000; font-size: 16px;\">Poslovnost bez granica<\/span><\/li>\n<\/ul>\n<p>&nbsp;<\/p>\n<p><span style=\"color: #000000; font-size: 16px;\">Nagrade:<\/span><\/p>\n<ul>\n<li><span style=\"color: #000000; font-size: 16px;\">Direktor Perfect rent a cara Azur Avdi\u0107 \u2013 Menad\u017eer godine 2011. u BiH<\/span><\/li>\n<li><span style=\"color: #000000; font-size: 16px;\">EUFOR zahvalnice od strane: Austrian Army HQ, Portuguese Army HQ, Sweden Army HQ<\/span><\/li>\n<li><span style=\"color: #000000; font-size: 16px;\">SFOR certificates<\/span><\/li>\n<\/ul>\n<p align=\"center\"><span style=\"font-size: 16px;\"><img loading=\"lazy\" decoding=\"async\" class=\"alignnone size-full wp-image-159\" style=\"border-style: none;\" src=\"https:\/\/www.perfect.ba\/wp-content\/uploads\/2018\/05\/audi.jpg\" alt=\"\" width=\"120\" height=\"82\" \/><img loading=\"lazy\" decoding=\"async\" class=\"alignnone size-full wp-image-160\" style=\"border-style: none;\" src=\"https:\/\/www.perfect.ba\/wp-content\/uploads\/2018\/05\/chevrolet-novi.jpg\" alt=\"\" width=\"120\" height=\"82\" \/><img loading=\"lazy\" decoding=\"async\" class=\"alignnone size-full wp-image-161\" style=\"border-style: none;\" src=\"https:\/\/www.perfect.ba\/wp-content\/uploads\/2018\/05\/citroen.png\" alt=\"\" width=\"120\" height=\"90\" \/><img loading=\"lazy\" decoding=\"async\" class=\"alignnone size-full wp-image-162\" style=\"border-style: none;\" src=\"https:\/\/www.perfect.ba\/wp-content\/uploads\/2018\/05\/opel-novi.jpg\" alt=\"\" width=\"120\" height=\"82\" \/><img loading=\"lazy\" decoding=\"async\" class=\"alignnone size-full wp-image-163\" style=\"border-style: none;\" src=\"https:\/\/www.perfect.ba\/wp-content\/uploads\/2018\/05\/seat.jpg\" alt=\"\" width=\"120\" height=\"82\" \/><img loading=\"lazy\" decoding=\"async\" class=\"alignnone size-full wp-image-164\" style=\"border-style: none;\" src=\"https:\/\/www.perfect.ba\/wp-content\/uploads\/2018\/05\/skoda-novi.jpg\" alt=\"\" width=\"120\" height=\"82\" \/><img loading=\"lazy\" decoding=\"async\" class=\"alignnone size-full wp-image-165\" style=\"border-style: none;\" src=\"https:\/\/www.perfect.ba\/wp-content\/uploads\/2018\/05\/vw.jpg\" alt=\"\" width=\"120\" height=\"82\" \/><\/span><\/p>\n","protected":false},"excerpt":{"rendered":"<p><strong>PERFECT rent a car<\/strong><\/p>\n<p style=\"text-align: justify;\">Perfect doo Tuzla je renomirana rent a car agencija, pozicionirana u samom vrhu bosansko-hercegova\u010dkog tr\u017ei\u0161ta, koja svoje postojanje zasniva na dugogodi\u0161njem \u0161kolovanju, iskustvu, znanju i radu menad\u017ementa i uposlenika. Vode\u0107u poziciju osiguravaju nam znanje, pouzdanost, iskustvo, tradicija, inovativnost i pra\u0107enje svjetskih trendova automobilske\u00a0industrije i ugodnog\/sigurnog putovanja. Mi smo stru\u010dan i ljubazan, mladi tim ljudi, koji \u0107e u svakom trenutku iza\u0107i u susret klijentu i u\u010diniti sve da bude zadovoljan nasim uslugama. U\u00a0prilog ovome govori veliki broj stalnih klijenata, koji nam redovno ukazuju svoje povjerenje biraju\u0107i vozilo iz na\u0161e ponude.<\/p>\n<p style=\"text-align: justify;\">Sjedi\u0161te firme nalazi se u Tuzli, a najam vozila mo\u017eete realizovati kako u centrali, tako i u poslovnici na Me\u0111unarodnom aerodromu Tuzla, kao i na zahtev, u bilo kojem gradu BiH i\u00a0Evrope. Pou\u010deni istan\u010danim \u017eeljama na\u0161ih dugogodi\u0161njih klijenata, koncentrisali smo se na rent a car usluge koje zadovoljavaju i najzahtjevnije klijente.<\/p>\n<p style=\"text-align: justify;\">Na\u0161 vozni park se sastoji [&#8230;]<\/p>\n","protected":false},"author":1,"featured_media":0,"parent":0,"menu_order":0,"comment_status":"closed","ping_status":"closed","template":"","meta":{"footnotes":""},"class_list":["post-157","page","type-page","status-publish","hentry"],"_links":{"self":[{"href":"https:\/\/www.perfect.ba\/index.php?rest_route=\/wp\/v2\/pages\/157","targetHints":{"allow":["GET"]}}],"collection":[{"href":"https:\/\/www.perfect.ba\/index.php?rest_route=\/wp\/v2\/pages"}],"about":[{"href":"https:\/\/www.perfect.ba\/index.php?rest_route=\/wp\/v2\/types\/page"}],"author":[{"embeddable":true,"href":"https:\/\/www.perfect.ba\/index.php?rest_route=\/wp\/v2\/users\/1"}],"replies":[{"embeddable":true,"href":"https:\/\/www.perfect.ba\/index.php?rest_route=%2Fwp%2Fv2%2Fcomments&post=157"}],"version-history":[{"count":10,"href":"https:\/\/www.perfect.ba\/index.php?rest_route=\/wp\/v2\/pages\/157\/revisions"}],"predecessor-version":[{"id":445,"href":"https:\/\/www.perfect.ba\/index.php?rest_route=\/wp\/v2\/pages\/157\/revisions\/445"}],"wp:attachment":[{"href":"https:\/\/www.perfect.ba\/index.php?rest_route=%2Fwp%2Fv2%2Fmedia&parent=157"}],"curies":[{"name":"wp","href":"https:\/\/api.w.org\/{rel}","templated":true}]}}