{"id":140,"date":"2018-05-04T23:25:25","date_gmt":"2018-05-04T21:25:25","guid":{"rendered":"http:\/\/localhost:8080\/perfect2k18\/?page_id=140"},"modified":"2026-02-15T17:47:17","modified_gmt":"2026-02-15T16:47:17","slug":"dugorocni-najam","status":"publish","type":"page","link":"https:\/\/www.perfect.ba\/?page_id=140","title":{"rendered":"Dugoro\u010dni najam"},"content":{"rendered":"<p style=\"text-align: center;\"><span style=\"color: #000000; font-size: 16px;\"><strong>DUGORO\u010cNI NAJAM VOZILA, FORMIRANJE I ODR\u017dAVANJE VOZNOG PARKA, ZAMJENA POSTOJE\u0106EG VOZNOG PARKA,<\/strong><strong>\u201eCORPORATE\u201c<\/strong><\/span><\/p>\n<p style=\"text-align: justify;\"><span style=\"color: #000000; font-size: 16px;\">Privrednim dru\u0161tvima se vi\u0161e isplati poslovne automobile uzeti u najam nego kupiti. Vi\u0161e od 90% poslovnih subjekata u svijetu koristi automobile koji su u nekom obliku najma.<\/span><\/p>\n<p style=\"text-align: justify;\"><span style=\"color: #000000; font-size: 16px;\">Razlog za to su, naravno, tro\u0161kovi. Sve je \u010de\u0161\u0107a situacija na tr\u017ei\u0161tu da kompanije ne samo da uzimaju automobile u najam ve\u0107 da uzimaju i \u010ditavu uslugu upravljanja svojom flotom \u2013 voznim parkom od iste rent a car ku\u0107e. Iako ukupna cijena ovisi o nizu okolnosti poput veli\u010dine firme i brojnosti flote, broja unajmljenih vozila i sli\u010dno, procjenjuje se da cijena najma na kraju mo\u017ee biti na godi\u0161njoj razini i do 30% manja ako se automobil unajmljuje od rent a car ku\u0107e u odnosu na to da se kupuje. Razlog za to je u \u010dinjenici da se najam automobila smatra tro\u0161kom poslovanja te se odbija od poreza na dobit. Tako\u0111er, PDV se priznaje kao odbitni.<\/span><\/p>\n<p style=\"text-align: justify;\"><span style=\"color: #000000; font-size: 16px;\">Zna\u010dajan finansijski efekt ovakvog na\u010dina nabavke automobila za firmu je i u tome \u0161to ne mora odjednom potro\u0161iti veliki novac ili pak ulaziti u kredit da bi kupila vozila.<\/span><\/p>\n<p style=\"text-align: justify;\"><span style=\"color: #000000; font-size: 16px;\">Vozni park u ve\u0107ini kompanija spada me\u0111u top pet indirektnih tro\u0161kova poslovanja te predstavlja zna\u010dajan rizik ukoliko se njime ne upravlja na optimalan profesionalan na\u010din. Stoga mnoge kompanije tra\u017ee od rent a car ku\u0107a da im obra\u010dunavaju stvarne tro\u0161kove, a kroz fiksne iznose najamnine.<\/span><\/p>\n<p style=\"text-align: justify;\"><span style=\"color: #000000; font-size: 16px;\"><strong>Perfect rent a car\u00a0<\/strong>svojim klijetima omogu\u0107ava najam svih dostupnih marki i modela vozila te izbor najpovoljnijeg modela u segmentu jer nismo vezani niti uz jednog proizvo\u0111a\u010da automobila. Ovo je izrazito bitno za svaku kompaniju jer vezivanje isklju\u010divo uz jednu marku vozila u pravilu ne donosi i najni\u017ee tro\u0161kove.<\/span><\/p>\n<p style=\"text-align: justify;\"><span style=\"color: #000000; font-size: 16px;\">Usluga dugoro\u010dnog najma vozila \u2013 corporate je definisana mjese\u010dnim trajanjem najma za svako individualno vozilo, s fleksibilnom uslugom prilago\u0111enom potrebama manjih i ve\u0107ih kompanija.<\/span><\/p>\n<p style=\"text-align: justify;\"><span style=\"color: #000000; font-size: 16px;\">Zvu\u010di kao klasi\u010dni leasing? Ali nije. Evo za\u0161to:<\/span><\/p>\n<p style=\"text-align: justify;\"><span style=\"color: #000000; font-size: 16px;\"><strong>Financijske prednosti u usporedbi s klasi\u010dnim leasingom:<\/strong><\/span><\/p>\n<ul style=\"text-align: justify;\">\n<li><span style=\"color: #000000; font-size: 16px;\">nema u\u010de\u0161\u0107a;<\/span><\/li>\n<li><span style=\"color: #000000; font-size: 16px;\">nema amortizacije vozila izra\u017eene u poslovnim knjigama;<\/span><\/li>\n<li><span style=\"color: #000000; font-size: 16px;\">nema tro\u0161kova registracije, osiguranja i odr\u017eavanja \u0161to odmah zna\u010di i lak\u0161u kontrolu tro\u0161kova \u2013 1 ra\u010dun za sve.<\/span><\/li>\n<\/ul>\n<p style=\"text-align: justify;\"><span style=\"color: #000000; font-size: 16px;\"><strong>Operativne prednosti u usporedbi s klasi\u010dnim leasingom:<\/strong><\/span><\/p>\n<ul style=\"text-align: justify;\">\n<li><span style=\"color: #000000; font-size: 16px;\">nema potrebe za anga\u017eovanjem sredstava za kontrolu i vo\u0111enje voznog parka;<\/span><\/li>\n<li><span style=\"color: #000000; font-size: 16px;\">nema potrebe za odlaskom na registracije, osiguranja, procjene;<\/span><\/li>\n<li><span style=\"color: #000000; font-size: 16px;\">gratis zamjensko vozilo u cjelokupnom trajanju eventualnog popravka i osposobljavanja va\u0161eg vozila;<\/span><\/li>\n<li><span style=\"color: #000000; font-size: 16px;\">dostava i preuzimanje vozila u bilo koje doba i na bilo kojem mjestu na podru\u010dju BiH i regije;<\/span><\/li>\n<li><span style=\"color: #000000; font-size: 16px;\">account manager i mre\u017ea Perfect poslovnica koji se 24 sata dnevno brinu o va\u0161im zahtjevima, neovisno o tome radi li se o servisu, zamjeni ili novoj narud\u017ebi.<\/span><\/li>\n<\/ul>\n<p style=\"text-align: justify;\"><span style=\"color: #000000; font-size: 16px;\"><strong>\u0160ta sve dugoro\u010dni najam podrazumijeva?<\/strong><strong>\u00a0<\/strong><\/span><\/p>\n<p style=\"text-align: justify;\"><span style=\"color: #000000; font-size: 16px;\"><strong>Narud\u017eba<\/strong><\/span><\/p>\n<ul style=\"text-align: justify;\">\n<li><span style=\"color: #000000; font-size: 16px;\">narud\u017eba od strane najmoprimca;<\/span><\/li>\n<li><span style=\"color: #000000; font-size: 16px;\">briga o preuzimanju i isporuci vozila.<\/span><\/li>\n<\/ul>\n<p style=\"text-align: justify;\"><span style=\"color: #000000; font-size: 16px;\"><strong>Registracija vozila:<\/strong><\/span><\/p>\n<ul style=\"text-align: justify;\">\n<li><span style=\"color: #000000; font-size: 16px;\">tro\u0161kovi registriranja vozila;<\/span><\/li>\n<li><span style=\"color: #000000; font-size: 16px;\">tro\u0161kovi tehni\u010dkog pregleda i putarine;<\/span><\/li>\n<li><span style=\"color: #000000; font-size: 16px;\">godi\u0161nji porez na putni\u010dka motorna vozila.<\/span><\/li>\n<\/ul>\n<p style=\"text-align: justify;\"><span style=\"color: #000000; font-size: 16px;\"><strong>Osiguranje vozila:<\/strong><\/span><\/p>\n<ul style=\"text-align: justify;\">\n<li><span style=\"color: #000000; font-size: 16px;\">osnovno osiguranje;<\/span><\/li>\n<li><span style=\"color: #000000; font-size: 16px;\">kasko osiguranje \u0161tete pokrivene u cijelosti i bez fran\u0161ize;<\/span><\/li>\n<li><span style=\"color: #000000; font-size: 16px;\">tro\u0161kovi za eventualne ostale \u0161tete posebno se zara\u010dunavaju na teret korisnika najma;<\/span><\/li>\n<li><span style=\"color: #000000; font-size: 16px;\">osiguranje vrijedi i na podru\u010dju cijele Evrope.<\/span><\/li>\n<\/ul>\n<p style=\"text-align: justify;\"><span style=\"color: #000000; font-size: 16px;\"><strong>Odr\u017eavanje:<\/strong><\/span><\/p>\n<ul style=\"text-align: justify;\">\n<li><span style=\"color: #000000; font-size: 16px;\">redovni servis vozila koji zahtijeva proizvo\u0111a\u010d, ovisno o marki vozila;<\/span><\/li>\n<li><span style=\"color: #000000; font-size: 16px;\">popravak i saniranje svih vanrednih kvarova u vrijeme trajanja najma:<\/span><\/li>\n<li><span style=\"color: #000000; font-size: 16px;\">zamjensko vozilo na neograni\u010deno razdoblje;<\/span><\/li>\n<li><span style=\"color: #000000; font-size: 16px;\">odr\u017eavanje guma;<\/span><\/li>\n<li><span style=\"color: #000000; font-size: 16px;\">zamjena guma svakih 30.000 km;<\/span><\/li>\n<li><span style=\"color: #000000; font-size: 16px;\">zimske gume i zimska oprema;<\/span><\/li>\n<li><span style=\"color: #000000; font-size: 16px;\">prate\u0107a obavezna oprema vozila.<strong>\u00a0<\/strong><\/span><\/li>\n<\/ul>\n<p style=\"text-align: justify;\"><span style=\"color: #000000; font-size: 16px;\"><strong>Account manager:<\/strong><\/span><\/p>\n<ul>\n<li style=\"text-align: justify;\"><span style=\"color: #000000; font-size: 16px;\">brine se o va\u0161im zahtjevima;<\/span><\/li>\n<li style=\"text-align: justify;\"><span style=\"color: #000000; font-size: 16px;\">dostupan vam je 24 sata dnevno, uvijek i cijele godine;<\/span><\/li>\n<li style=\"text-align: justify;\"><span style=\"color: #000000; font-size: 16px;\">sve eventualne probleme rje\u0161avate s jednom osobom;<\/span><\/li>\n<li style=\"text-align: justify;\"><span style=\"color: #000000; font-size: 16px;\">finansije;<\/span><\/li>\n<li style=\"text-align: justify;\"><span style=\"color: #000000; font-size: 16px;\">jednostavnija kontrola tro\u0161kova \u2013 jedan ra\u010dun za sve.<\/span><\/li>\n<\/ul>\n<p style=\"text-align: center;\"><span style=\"color: #000000; font-size: 16px;\">Ukoliko \u017eelite najpovoljniju rent a car agenciju u BiH \u2013 pozovite nas<\/span><br \/>\n<span style=\"color: #000000; font-size: 16px;\"> Tel\/Fax<strong>: +387(0) 35 255 535<\/strong><\/span><\/p>\n<p style=\"text-align: center;\"><span style=\"color: #000000; font-size: 16px;\">GSM\/Viber: +387(0) 61 101 701; +387(0) 61 104 108;<br \/>\n<\/span><span style=\"color: #000000; font-size: 16px;\">+387(0) 61 151 500; +387(0) 62 797 070<\/span><br \/>\n<span style=\"color: #000000; font-size: 16px;\"> ili po\u0161aljite e-mail\u00a0<a style=\"color: #000000;\" href=\"mailto:info@perfect.ba\">info@perfect.ba<\/a><\/span><br \/>\n<span style=\"color: #000000; font-size: 16px;\"> te nas posjetite\u00a0<a style=\"color: #000000;\" href=\"https:\/\/www.perfect.ba\/\">www.perfect.ba<\/a><\/span><\/p>\n<p style=\"text-align: center;\"><span style=\"color: #000000; font-size: 16px;\">Perfect doo Tuzla<\/span><br \/>\n<span style=\"color: #000000; font-size: 16px;\"> ZavnoBiH-a 13,<\/span><br \/>\n<span style=\"color: #000000; font-size: 16px;\"> 75000 Tuzla<\/span><br \/>\n<span style=\"color: #000000; font-size: 16px;\"> BiH<\/span><\/p>\n","protected":false},"excerpt":{"rendered":"<p style=\"text-align: center;\"><strong>DUGORO\u010cNI NAJAM VOZILA, FORMIRANJE I ODR\u017dAVANJE VOZNOG PARKA, ZAMJENA POSTOJE\u0106EG VOZNOG PARKA,<\/strong><strong>\u201eCORPORATE\u201c<\/strong><\/p>\n<p style=\"text-align: justify;\">Privrednim dru\u0161tvima se vi\u0161e isplati poslovne automobile uzeti u najam nego kupiti. Vi\u0161e od 90% poslovnih subjekata u svijetu koristi automobile koji su u nekom obliku najma.<\/p>\n<p style=\"text-align: justify;\">Razlog za to su, naravno, tro\u0161kovi. Sve je \u010de\u0161\u0107a situacija na tr\u017ei\u0161tu da kompanije ne samo da uzimaju automobile u najam ve\u0107 da uzimaju i \u010ditavu uslugu upravljanja svojom flotom \u2013 voznim parkom od iste rent a car ku\u0107e. Iako ukupna cijena ovisi o nizu okolnosti poput veli\u010dine firme i brojnosti flote, broja unajmljenih vozila i sli\u010dno, procjenjuje se da cijena najma na kraju mo\u017ee biti na godi\u0161njoj razini i do 30% manja ako se automobil unajmljuje od rent a car ku\u0107e u odnosu na to da se kupuje. Razlog za to je u \u010dinjenici da se najam automobila smatra tro\u0161kom poslovanja te se odbija od poreza na dobit. Tako\u0111er, [&#8230;]<\/p>\n","protected":false},"author":1,"featured_media":0,"parent":0,"menu_order":0,"comment_status":"closed","ping_status":"closed","template":"","meta":{"footnotes":""},"class_list":["post-140","page","type-page","status-publish","hentry"],"_links":{"self":[{"href":"https:\/\/www.perfect.ba\/index.php?rest_route=\/wp\/v2\/pages\/140","targetHints":{"allow":["GET"]}}],"collection":[{"href":"https:\/\/www.perfect.ba\/index.php?rest_route=\/wp\/v2\/pages"}],"about":[{"href":"https:\/\/www.perfect.ba\/index.php?rest_route=\/wp\/v2\/types\/page"}],"author":[{"embeddable":true,"href":"https:\/\/www.perfect.ba\/index.php?rest_route=\/wp\/v2\/users\/1"}],"replies":[{"embeddable":true,"href":"https:\/\/www.perfect.ba\/index.php?rest_route=%2Fwp%2Fv2%2Fcomments&post=140"}],"version-history":[{"count":8,"href":"https:\/\/www.perfect.ba\/index.php?rest_route=\/wp\/v2\/pages\/140\/revisions"}],"predecessor-version":[{"id":432,"href":"https:\/\/www.perfect.ba\/index.php?rest_route=\/wp\/v2\/pages\/140\/revisions\/432"}],"wp:attachment":[{"href":"https:\/\/www.perfect.ba\/index.php?rest_route=%2Fwp%2Fv2%2Fmedia&parent=140"}],"curies":[{"name":"wp","href":"https:\/\/api.w.org\/{rel}","templated":true}]}}